{"id":6979,"date":"2020-09-02T14:08:15","date_gmt":"2020-09-02T17:08:15","guid":{"rendered":"http:\/\/ondawebhost3.com.br\/fetag\/?page_id=6979"},"modified":"2021-11-30T10:31:31","modified_gmt":"2021-11-30T13:31:31","slug":"fetag","status":"publish","type":"page","link":"https:\/\/www.fetagrs.org.br\/?page_id=6979","title":{"rendered":"FETAG+"},"content":{"rendered":"<img loading=\"lazy\" decoding=\"async\" class=\"alignleft wp-image-45125 size-medium\" src=\"http:\/\/fetagrs.org.br\/wp-content\/uploads\/2020\/12\/Marca-FETAG-RS-Mais-296x300.jpg\" alt=\"FETAG+\" width=\"296\" height=\"300\" srcset=\"https:\/\/www.fetagrs.org.br\/wp-content\/uploads\/2020\/12\/Marca-FETAG-RS-Mais-296x300.jpg 296w, https:\/\/www.fetagrs.org.br\/wp-content\/uploads\/2020\/12\/Marca-FETAG-RS-Mais-1011x1024.jpg 1011w, https:\/\/www.fetagrs.org.br\/wp-content\/uploads\/2020\/12\/Marca-FETAG-RS-Mais-768x778.jpg 768w, https:\/\/www.fetagrs.org.br\/wp-content\/uploads\/2020\/12\/Marca-FETAG-RS-Mais.jpg 1426w\" sizes=\"auto, (max-width: 296px) 100vw, 296px\" \/>\n<p style=\"text-align: justify;\">O Cart\u00e3o FETAG-RS MAIS \u00e9 um projeto de inova\u00e7\u00e3o na identidade social dos associados do Sistema FETAG-RS. Idealizado pela Federa\u00e7\u00e3o\u00a0 em parceria com as suas 23 Regionais Sindicais e seus 321 STR&#8217;s e\/ou STAF&#8217;s. Este projeto foi discutido e cuidadosamente formatado, pois requer um grande comprometimento da estrutura sindical para implanta\u00e7\u00e3o e seu funcionamento, afim de trazer mais benef\u00edcios, maior economia e amplas possibilidades ao nosso quadro social.<\/p>\n<p style=\"text-align: justify;\">O FETAG-RS MAIS consiste em conveniar empresas parceiras para que elas possam oferecer descontos e benef\u00edcios aos agricultores(as) e pecuaristas familiares associados aos STR&#8217;s e\/ou STAF&#8217;s vinculados a FETAG-RS.<\/p>\n<p style=\"text-align: justify;\">Os Sindicatos e as Regionais Sindicais atuam como elos estrat\u00e9gicos na busca e na formata\u00e7\u00e3o dos conv\u00eanios nos munic\u00edpios e regi\u00f5es. Estes conv\u00eanios v\u00e3o desde farm\u00e1cias, centros cl\u00ednicos, cl\u00ednicas m\u00e9dicas, laborat\u00f3rios, supermercados, lojas, agropecu\u00e1rias, postos de combust\u00edvel, universidades dentre outros potenciais parceiros.<\/p>\n<p style=\"text-align: left;\">Para poder acessar a rede estadual de conv\u00eanios, os associados devem ir at\u00e9 o STR&#8217;s e\/ou STAF&#8217;s para solicitar seu cart\u00e3o FETAG-RS Mais. O cart\u00e3o \u00e9 emitido de forma gratuita, sendo que o associado pode optar pelo Cart\u00e3o Jovem, Cart\u00e3o Mulher, Cart\u00e3o Aposentado, Cart\u00e3o Assalariado ou Cart\u00e3o Padr\u00e3o.<\/p>\n<p style=\"text-align: center;\"><iframe loading=\"lazy\" title=\"YouTube video player\" src=\"\/\/www.youtube.com\/embed\/wh28kRZD8bE\" width=\"560\" height=\"315\" frameborder=\"0\" allowfullscreen=\"allowfullscreen\"><\/iframe><\/p>\n<p style=\"text-align: justify;\">Voc\u00ea j\u00e1 solicitou seu cart\u00e3o FETAG Mais no Sindicato?<br \/>\nAinda n\u00e3o?<br \/>\nEst\u00e1 esperando o que?<br \/>\nV\u00e1 at\u00e9 o seu Sindicato e solicite seu cart\u00e3o FETAG-RS Mais!<\/p>\n<p style=\"text-align: justify;\">Voc\u00ea poder\u00e1 desfrutar de uma rede de descontos em empresas parceiras.<\/p>\n<p style=\"text-align: center;\"><span style=\"color: #339966;\"><a style=\"color: #339966;\" href=\"http:\/\/cartao.fetagrs.org.br\/Convenios.dll\"><span style=\"font-size: 32px;\"><strong>Clique AQUI e encontre a rede de parceiros<\/strong><\/span><\/a><\/span><br \/>\n<span style=\"color: #339966;\"><a style=\"color: #339966;\" href=\"http:\/\/cartao.fetagrs.org.br\/Convenios.dll\"><span style=\"font-size: 32px;\"><strong>do FETAG Mais<\/strong><\/span><\/a><\/span><\/p>\n<p>&nbsp;<\/p>\n<p style=\"text-align: center;\"><strong>Conhe\u00e7a os layouts do Cart\u00e3o FETAG-RS MAIS!<\/strong><\/p>\n<img loading=\"lazy\" decoding=\"async\" class=\"alignleft wp-image-45352 size-medium\" src=\"http:\/\/fetagrs.org.br\/wp-content\/uploads\/2021\/01\/01-CartaoFetagPadrao-300x214.jpeg\" alt=\"FETAG+ Cart\u00e3o Padr\u00e3o\" width=\"300\" height=\"214\" srcset=\"https:\/\/www.fetagrs.org.br\/wp-content\/uploads\/2021\/01\/01-CartaoFetagPadrao-300x214.jpeg 300w, https:\/\/www.fetagrs.org.br\/wp-content\/uploads\/2021\/01\/01-CartaoFetagPadrao-1024x730.jpeg 1024w, https:\/\/www.fetagrs.org.br\/wp-content\/uploads\/2021\/01\/01-CartaoFetagPadrao-768x548.jpeg 768w, https:\/\/www.fetagrs.org.br\/wp-content\/uploads\/2021\/01\/01-CartaoFetagPadrao-1536x1095.jpeg 1536w, https:\/\/www.fetagrs.org.br\/wp-content\/uploads\/2021\/01\/01-CartaoFetagPadrao-2048x1460.jpeg 2048w\" sizes=\"auto, (max-width: 300px) 100vw, 300px\" \/>\n<img loading=\"lazy\" decoding=\"async\" class=\"alignright wp-image-45355 size-medium\" src=\"http:\/\/fetagrs.org.br\/wp-content\/uploads\/2021\/01\/04-CartaoFetagJovem-300x216.jpeg\" alt=\"FETAG+ Cart\u00e3o Jovem\" width=\"300\" height=\"216\" srcset=\"https:\/\/www.fetagrs.org.br\/wp-content\/uploads\/2021\/01\/04-CartaoFetagJovem-300x216.jpeg 300w, https:\/\/www.fetagrs.org.br\/wp-content\/uploads\/2021\/01\/04-CartaoFetagJovem-1024x739.jpeg 1024w, https:\/\/www.fetagrs.org.br\/wp-content\/uploads\/2021\/01\/04-CartaoFetagJovem-768x554.jpeg 768w, https:\/\/www.fetagrs.org.br\/wp-content\/uploads\/2021\/01\/04-CartaoFetagJovem-1536x1108.jpeg 1536w, https:\/\/www.fetagrs.org.br\/wp-content\/uploads\/2021\/01\/04-CartaoFetagJovem-2048x1477.jpeg 2048w\" sizes=\"auto, (max-width: 300px) 100vw, 300px\" \/>\n<p>&nbsp;<\/p>\n<p>&nbsp;<\/p>\n<p>&nbsp;<\/p>\n<p>&nbsp;<\/p>\n<p>&nbsp;<\/p>\n<img loading=\"lazy\" decoding=\"async\" class=\"alignleft wp-image-45354 size-medium\" src=\"http:\/\/fetagrs.org.br\/wp-content\/uploads\/2021\/01\/03-CartaoFetagAposentado-300x218.jpeg\" alt=\"FETAG+ Cart\u00e3o Aposentado\" width=\"300\" height=\"218\" srcset=\"https:\/\/www.fetagrs.org.br\/wp-content\/uploads\/2021\/01\/03-CartaoFetagAposentado-300x218.jpeg 300w, https:\/\/www.fetagrs.org.br\/wp-content\/uploads\/2021\/01\/03-CartaoFetagAposentado-1024x746.jpeg 1024w, https:\/\/www.fetagrs.org.br\/wp-content\/uploads\/2021\/01\/03-CartaoFetagAposentado-768x559.jpeg 768w, https:\/\/www.fetagrs.org.br\/wp-content\/uploads\/2021\/01\/03-CartaoFetagAposentado-1536x1118.jpeg 1536w, https:\/\/www.fetagrs.org.br\/wp-content\/uploads\/2021\/01\/03-CartaoFetagAposentado-2048x1491.jpeg 2048w\" sizes=\"auto, (max-width: 300px) 100vw, 300px\" \/>\n<img loading=\"lazy\" decoding=\"async\" class=\"alignright wp-image-45353 size-medium\" src=\"http:\/\/fetagrs.org.br\/wp-content\/uploads\/2021\/01\/02-CartaoFetagMulheres-300x217.jpeg\" alt=\"FETAG+ Cart\u00e3o Mulher\" width=\"300\" height=\"217\" srcset=\"https:\/\/www.fetagrs.org.br\/wp-content\/uploads\/2021\/01\/02-CartaoFetagMulheres-300x217.jpeg 300w, https:\/\/www.fetagrs.org.br\/wp-content\/uploads\/2021\/01\/02-CartaoFetagMulheres-1024x740.jpeg 1024w, https:\/\/www.fetagrs.org.br\/wp-content\/uploads\/2021\/01\/02-CartaoFetagMulheres-768x555.jpeg 768w, https:\/\/www.fetagrs.org.br\/wp-content\/uploads\/2021\/01\/02-CartaoFetagMulheres-1536x1111.jpeg 1536w, https:\/\/www.fetagrs.org.br\/wp-content\/uploads\/2021\/01\/02-CartaoFetagMulheres-2048x1481.jpeg 2048w\" sizes=\"auto, (max-width: 300px) 100vw, 300px\" \/>\n<p>&nbsp;<\/p>\n<p>&nbsp;<\/p>\n<p>&nbsp;<\/p>\n<p>&nbsp;<\/p>\n<p>&nbsp;<\/p>\n<p>&nbsp;<\/p>\n<img loading=\"lazy\" decoding=\"async\" class=\"aligncenter wp-image-45356 size-medium\" src=\"http:\/\/fetagrs.org.br\/wp-content\/uploads\/2021\/01\/05-CartaoFetagAssalariado-300x214.jpeg\" alt=\"FETAG+ Cart\u00e3o Assalariado\" width=\"300\" height=\"214\" srcset=\"https:\/\/www.fetagrs.org.br\/wp-content\/uploads\/2021\/01\/05-CartaoFetagAssalariado-300x214.jpeg 300w, https:\/\/www.fetagrs.org.br\/wp-content\/uploads\/2021\/01\/05-CartaoFetagAssalariado-1024x731.jpeg 1024w, https:\/\/www.fetagrs.org.br\/wp-content\/uploads\/2021\/01\/05-CartaoFetagAssalariado-768x549.jpeg 768w, https:\/\/www.fetagrs.org.br\/wp-content\/uploads\/2021\/01\/05-CartaoFetagAssalariado-1536x1097.jpeg 1536w, https:\/\/www.fetagrs.org.br\/wp-content\/uploads\/2021\/01\/05-CartaoFetagAssalariado-2048x1463.jpeg 2048w\" sizes=\"auto, (max-width: 300px) 100vw, 300px\" \/>\n<p>&nbsp;<\/p>\n<p>&nbsp;<\/p>\n<p>&nbsp;<\/p>\n<p>&nbsp;<\/p>\n<p>&nbsp;<\/p>\n","protected":false},"excerpt":{"rendered":"<p>O Cart\u00e3o FETAG-RS MAIS \u00e9 um projeto de inova\u00e7\u00e3o na identidade social dos associados do Sistema FETAG-RS. Idealizado pela Federa\u00e7\u00e3o\u00a0 em parceria com as suas 23 Regionais Sindicais e seus 321 STR&#8217;s e\/ou STAF&#8217;s. Este projeto foi discutido e cuidadosamente formatado, pois requer um grande comprometimento da estrutura sindical para implanta\u00e7\u00e3o e seu funcionamento, afim&#8230;  <a class=\"excerpt-read-more\" href=\"https:\/\/www.fetagrs.org.br\/?page_id=6979\" title=\"Read FETAG+\">Leia mais &raquo;<\/a><\/p>\n","protected":false},"author":4,"featured_media":0,"parent":0,"menu_order":0,"comment_status":"closed","ping_status":"closed","template":"page-fetag+.php","meta":{"footnotes":"","_links_to":"","_links_to_target":""},"class_list":["post-6979","page","type-page","status-publish","hentry"],"yoast_head":"<!-- This site is optimized with the Yoast SEO plugin v26.8 - https:\/\/yoast.com\/product\/yoast-seo-wordpress\/ -->\n<title>FETAG+ \u00e9 a nova identidade do associado do sistema FETAG-RS<\/title>\n<meta name=\"description\" content=\"O FETAG+ \u00e9 um projeto idealizado pela FETAG-RS em parceria com as suas 23 Regionais Sindicais e seus 321 Sindicatos filiados.\" \/>\n<meta name=\"robots\" content=\"index, follow, max-snippet:-1, max-image-preview:large, max-video-preview:-1\" \/>\n<link rel=\"canonical\" href=\"https:\/\/www.fetagrs.org.br\/?page_id=6979\" \/>\n<meta property=\"og:locale\" content=\"pt_BR\" \/>\n<meta property=\"og:type\" content=\"article\" \/>\n<meta property=\"og:title\" content=\"FETAG+ \u00e9 a nova identidade do associado do sistema FETAG-RS\" \/>\n<meta property=\"og:description\" content=\"O FETAG+ \u00e9 um projeto idealizado pela FETAG-RS em parceria com as suas 23 Regionais Sindicais e seus 321 Sindicatos filiados.\" \/>\n<meta property=\"og:url\" content=\"https:\/\/www.fetagrs.org.br\/?page_id=6979\" \/>\n<meta property=\"og:site_name\" content=\"FETAG-RS\" \/>\n<meta property=\"article:publisher\" content=\"https:\/\/www.facebook.com\/fetagrs\" \/>\n<meta property=\"article:modified_time\" content=\"2021-11-30T13:31:31+00:00\" \/>\n<meta property=\"og:image\" content=\"http:\/\/fetagrs.org.br\/wp-content\/uploads\/2020\/12\/Marca-FETAG-RS-Mais-296x300.jpg\" \/>\n<meta name=\"twitter:card\" content=\"summary_large_image\" \/>\n<script type=\"application\/ld+json\" class=\"yoast-schema-graph\">{\"@context\":\"https:\/\/schema.org\",\"@graph\":[{\"@type\":\"WebPage\",\"@id\":\"https:\/\/www.fetagrs.org.br\/?page_id=6979\",\"url\":\"https:\/\/www.fetagrs.org.br\/?page_id=6979\",\"name\":\"FETAG+ \u00e9 a nova identidade do associado do sistema FETAG-RS\",\"isPartOf\":{\"@id\":\"https:\/\/www.fetagrs.org.br\/#website\"},\"primaryImageOfPage\":{\"@id\":\"https:\/\/www.fetagrs.org.br\/?page_id=6979#primaryimage\"},\"image\":{\"@id\":\"https:\/\/www.fetagrs.org.br\/?page_id=6979#primaryimage\"},\"thumbnailUrl\":\"http:\/\/fetagrs.org.br\/wp-content\/uploads\/2020\/12\/Marca-FETAG-RS-Mais-296x300.jpg\",\"datePublished\":\"2020-09-02T17:08:15+00:00\",\"dateModified\":\"2021-11-30T13:31:31+00:00\",\"description\":\"O FETAG+ \u00e9 um projeto idealizado pela FETAG-RS em parceria com as suas 23 Regionais Sindicais e seus 321 Sindicatos filiados.\",\"breadcrumb\":{\"@id\":\"https:\/\/www.fetagrs.org.br\/?page_id=6979#breadcrumb\"},\"inLanguage\":\"pt-BR\",\"potentialAction\":[{\"@type\":\"ReadAction\",\"target\":[\"https:\/\/www.fetagrs.org.br\/?page_id=6979\"]}]},{\"@type\":\"ImageObject\",\"inLanguage\":\"pt-BR\",\"@id\":\"https:\/\/www.fetagrs.org.br\/?page_id=6979#primaryimage\",\"url\":\"http:\/\/fetagrs.org.br\/wp-content\/uploads\/2020\/12\/Marca-FETAG-RS-Mais-296x300.jpg\",\"contentUrl\":\"http:\/\/fetagrs.org.br\/wp-content\/uploads\/2020\/12\/Marca-FETAG-RS-Mais-296x300.jpg\"},{\"@type\":\"BreadcrumbList\",\"@id\":\"https:\/\/www.fetagrs.org.br\/?page_id=6979#breadcrumb\",\"itemListElement\":[{\"@type\":\"ListItem\",\"position\":1,\"name\":\"In\u00edcio\",\"item\":\"https:\/\/www.fetagrs.org.br\/\"},{\"@type\":\"ListItem\",\"position\":2,\"name\":\"FETAG+\"}]},{\"@type\":\"WebSite\",\"@id\":\"https:\/\/www.fetagrs.org.br\/#website\",\"url\":\"https:\/\/www.fetagrs.org.br\/\",\"name\":\"FETAG-RS\",\"description\":\"Federa\u00e7\u00e3o dos Trabalhadores na Agricultura no RS\",\"publisher\":{\"@id\":\"https:\/\/www.fetagrs.org.br\/#organization\"},\"potentialAction\":[{\"@type\":\"SearchAction\",\"target\":{\"@type\":\"EntryPoint\",\"urlTemplate\":\"https:\/\/www.fetagrs.org.br\/?s={search_term_string}\"},\"query-input\":{\"@type\":\"PropertyValueSpecification\",\"valueRequired\":true,\"valueName\":\"search_term_string\"}}],\"inLanguage\":\"pt-BR\"},{\"@type\":\"Organization\",\"@id\":\"https:\/\/www.fetagrs.org.br\/#organization\",\"name\":\"Federa\u00e7\u00e3o dos Trabalhadores na Agricultura no Rio Grande do Sul\",\"url\":\"https:\/\/www.fetagrs.org.br\/\",\"logo\":{\"@type\":\"ImageObject\",\"inLanguage\":\"pt-BR\",\"@id\":\"https:\/\/www.fetagrs.org.br\/#\/schema\/logo\/image\/\",\"url\":\"http:\/\/fetagrs.org.br\/wp-content\/uploads\/2020\/12\/FETAG-RS.jpg\",\"contentUrl\":\"http:\/\/fetagrs.org.br\/wp-content\/uploads\/2020\/12\/FETAG-RS.jpg\",\"width\":561,\"height\":598,\"caption\":\"Federa\u00e7\u00e3o dos Trabalhadores na Agricultura no Rio Grande do Sul\"},\"image\":{\"@id\":\"https:\/\/www.fetagrs.org.br\/#\/schema\/logo\/image\/\"},\"sameAs\":[\"https:\/\/www.facebook.com\/fetagrs\",\"https:\/\/www.instagram.com\/fetagrs\/\",\"https:\/\/www.youtube.com\/c\/TVFETAGRS\/featured\"]}]}<\/script>\n<!-- \/ Yoast SEO plugin. -->","yoast_head_json":{"title":"FETAG+ \u00e9 a nova identidade do associado do sistema FETAG-RS","description":"O FETAG+ \u00e9 um projeto idealizado pela FETAG-RS em parceria com as suas 23 Regionais Sindicais e seus 321 Sindicatos filiados.","robots":{"index":"index","follow":"follow","max-snippet":"max-snippet:-1","max-image-preview":"max-image-preview:large","max-video-preview":"max-video-preview:-1"},"canonical":"https:\/\/www.fetagrs.org.br\/?page_id=6979","og_locale":"pt_BR","og_type":"article","og_title":"FETAG+ \u00e9 a nova identidade do associado do sistema FETAG-RS","og_description":"O FETAG+ \u00e9 um projeto idealizado pela FETAG-RS em parceria com as suas 23 Regionais Sindicais e seus 321 Sindicatos filiados.","og_url":"https:\/\/www.fetagrs.org.br\/?page_id=6979","og_site_name":"FETAG-RS","article_publisher":"https:\/\/www.facebook.com\/fetagrs","article_modified_time":"2021-11-30T13:31:31+00:00","og_image":[{"url":"http:\/\/fetagrs.org.br\/wp-content\/uploads\/2020\/12\/Marca-FETAG-RS-Mais-296x300.jpg","type":"","width":"","height":""}],"twitter_card":"summary_large_image","schema":{"@context":"https:\/\/schema.org","@graph":[{"@type":"WebPage","@id":"https:\/\/www.fetagrs.org.br\/?page_id=6979","url":"https:\/\/www.fetagrs.org.br\/?page_id=6979","name":"FETAG+ \u00e9 a nova identidade do associado do sistema FETAG-RS","isPartOf":{"@id":"https:\/\/www.fetagrs.org.br\/#website"},"primaryImageOfPage":{"@id":"https:\/\/www.fetagrs.org.br\/?page_id=6979#primaryimage"},"image":{"@id":"https:\/\/www.fetagrs.org.br\/?page_id=6979#primaryimage"},"thumbnailUrl":"http:\/\/fetagrs.org.br\/wp-content\/uploads\/2020\/12\/Marca-FETAG-RS-Mais-296x300.jpg","datePublished":"2020-09-02T17:08:15+00:00","dateModified":"2021-11-30T13:31:31+00:00","description":"O FETAG+ \u00e9 um projeto idealizado pela FETAG-RS em parceria com as suas 23 Regionais Sindicais e seus 321 Sindicatos filiados.","breadcrumb":{"@id":"https:\/\/www.fetagrs.org.br\/?page_id=6979#breadcrumb"},"inLanguage":"pt-BR","potentialAction":[{"@type":"ReadAction","target":["https:\/\/www.fetagrs.org.br\/?page_id=6979"]}]},{"@type":"ImageObject","inLanguage":"pt-BR","@id":"https:\/\/www.fetagrs.org.br\/?page_id=6979#primaryimage","url":"http:\/\/fetagrs.org.br\/wp-content\/uploads\/2020\/12\/Marca-FETAG-RS-Mais-296x300.jpg","contentUrl":"http:\/\/fetagrs.org.br\/wp-content\/uploads\/2020\/12\/Marca-FETAG-RS-Mais-296x300.jpg"},{"@type":"BreadcrumbList","@id":"https:\/\/www.fetagrs.org.br\/?page_id=6979#breadcrumb","itemListElement":[{"@type":"ListItem","position":1,"name":"In\u00edcio","item":"https:\/\/www.fetagrs.org.br\/"},{"@type":"ListItem","position":2,"name":"FETAG+"}]},{"@type":"WebSite","@id":"https:\/\/www.fetagrs.org.br\/#website","url":"https:\/\/www.fetagrs.org.br\/","name":"FETAG-RS","description":"Federa\u00e7\u00e3o dos Trabalhadores na Agricultura no RS","publisher":{"@id":"https:\/\/www.fetagrs.org.br\/#organization"},"potentialAction":[{"@type":"SearchAction","target":{"@type":"EntryPoint","urlTemplate":"https:\/\/www.fetagrs.org.br\/?s={search_term_string}"},"query-input":{"@type":"PropertyValueSpecification","valueRequired":true,"valueName":"search_term_string"}}],"inLanguage":"pt-BR"},{"@type":"Organization","@id":"https:\/\/www.fetagrs.org.br\/#organization","name":"Federa\u00e7\u00e3o dos Trabalhadores na Agricultura no Rio Grande do Sul","url":"https:\/\/www.fetagrs.org.br\/","logo":{"@type":"ImageObject","inLanguage":"pt-BR","@id":"https:\/\/www.fetagrs.org.br\/#\/schema\/logo\/image\/","url":"http:\/\/fetagrs.org.br\/wp-content\/uploads\/2020\/12\/FETAG-RS.jpg","contentUrl":"http:\/\/fetagrs.org.br\/wp-content\/uploads\/2020\/12\/FETAG-RS.jpg","width":561,"height":598,"caption":"Federa\u00e7\u00e3o dos Trabalhadores na Agricultura no Rio Grande do Sul"},"image":{"@id":"https:\/\/www.fetagrs.org.br\/#\/schema\/logo\/image\/"},"sameAs":["https:\/\/www.facebook.com\/fetagrs","https:\/\/www.instagram.com\/fetagrs\/","https:\/\/www.youtube.com\/c\/TVFETAGRS\/featured"]}]}},"_links":{"self":[{"href":"https:\/\/www.fetagrs.org.br\/index.php?rest_route=\/wp\/v2\/pages\/6979","targetHints":{"allow":["GET"]}}],"collection":[{"href":"https:\/\/www.fetagrs.org.br\/index.php?rest_route=\/wp\/v2\/pages"}],"about":[{"href":"https:\/\/www.fetagrs.org.br\/index.php?rest_route=\/wp\/v2\/types\/page"}],"author":[{"embeddable":true,"href":"https:\/\/www.fetagrs.org.br\/index.php?rest_route=\/wp\/v2\/users\/4"}],"replies":[{"embeddable":true,"href":"https:\/\/www.fetagrs.org.br\/index.php?rest_route=%2Fwp%2Fv2%2Fcomments&post=6979"}],"version-history":[{"count":86,"href":"https:\/\/www.fetagrs.org.br\/index.php?rest_route=\/wp\/v2\/pages\/6979\/revisions"}],"predecessor-version":[{"id":47740,"href":"https:\/\/www.fetagrs.org.br\/index.php?rest_route=\/wp\/v2\/pages\/6979\/revisions\/47740"}],"wp:attachment":[{"href":"https:\/\/www.fetagrs.org.br\/index.php?rest_route=%2Fwp%2Fv2%2Fmedia&parent=6979"}],"curies":[{"name":"wp","href":"https:\/\/api.w.org\/{rel}","templated":true}]}}