{"id":51279,"date":"2024-01-11T13:03:43","date_gmt":"2024-01-11T16:03:43","guid":{"rendered":"https:\/\/fetagrs.org.br\/?page_id=51279"},"modified":"2026-01-28T14:24:42","modified_gmt":"2026-01-28T17:24:42","slug":"editais-e-licitacoes","status":"publish","type":"page","link":"https:\/\/www.fetagrs.org.br\/?page_id=51279","title":{"rendered":"Editais e licita\u00e7\u00f5es"},"content":{"rendered":"<h1><strong>Editais 2026<\/strong><\/h1>\n<p><a href=\"http:\/\/www.fetagrs.org.br\/wp-content\/uploads\/2026\/01\/EDITAL-01-SERVICOS-DE-RESTAURANTE-PARA-FORNECIMENTO-DE-ALMOCO.pdf\">Edital de Licita\u00e7\u00e3o 01\/2026 &#8211; Modalidade carta convite \u2013 Almo\u00e7o<\/a><br \/>\n<a href=\"http:\/\/www.fetagrs.org.br\/wp-content\/uploads\/2026\/01\/04-Comunica-vencedores-Almoco-2026.pdf\">Comunica\u00e7\u00e3o do Resultado Licita\u00e7\u00e3o 01\/2026<\/a><\/p>\n<p><a href=\"http:\/\/www.fetagrs.org.br\/wp-content\/uploads\/2026\/01\/EDITAL-02-SERVICOS-DE-HOTELARIA.pdf\">Edital de Licita\u00e7\u00e3o 02\/2026 &#8211; Modalidade carta convite \u2013 Hospedaria<\/a><br \/>\n<a href=\"http:\/\/www.fetagrs.org.br\/wp-content\/uploads\/2026\/01\/04-Comunica-vencedores-Hospedagem-2026.pdf\">Comunica\u00e7\u00e3o do Resultado Licita\u00e7\u00e3o 02\/2026<\/a><\/p>\n<p><a href=\"http:\/\/www.fetagrs.org.br\/wp-content\/uploads\/2026\/01\/EDITAL-03-SERVICOS-DE-RESTAURANTE-PARA-FORNECIMENTO-DE-JANTA.pdf\">Edital de Licita\u00e7\u00e3o 03\/2026 &#8211; Modalidade carta convite \u2013 Janta<\/a><br \/>\n<a href=\"http:\/\/www.fetagrs.org.br\/wp-content\/uploads\/2026\/01\/04-Comunica-vencedores-Janta-2026.pdf\">Comunica\u00e7\u00e3o do Resultado Licita\u00e7\u00e3o 03\/2026<\/a><\/p>\n<p><a href=\"http:\/\/www.fetagrs.org.br\/wp-content\/uploads\/2026\/01\/EDITAL-04-SERVICOS-PARA-FORNECIMENTO-DE-LANCHE.pdf\">Edital de Licita\u00e7\u00e3o 04\/2026 &#8211; Modalidade carta convite \u2013 Lanche<\/a><br \/>\n<a href=\"http:\/\/www.fetagrs.org.br\/wp-content\/uploads\/2026\/01\/04-Comunica-vencedores-Lanche-2026.pdf\">Comunica\u00e7\u00e3o do Resultado Licita\u00e7\u00e3o 04\/2026<\/a><\/p>\n<p>&nbsp;<\/p>\n<h1><\/h1>\n<h1><strong>Editais 2025<\/strong><\/h1>\n<p><a href=\"http:\/\/www.fetagrs.org.br\/wp-content\/uploads\/2025\/01\/Edital-de-Licitacao-01-2025-Modalidade-carta-convite-\u2013-Almoco.pdf\" target=\"_blank\" rel=\"noopener\">Edital de Licita\u00e7\u00e3o 01\/2025 &#8211; Modalidade carta convite \u2013 Almo\u00e7o<\/a><br \/>\n<a href=\"http:\/\/www.fetagrs.org.br\/wp-content\/uploads\/2025\/01\/Comunica-vencedor-Edital-01-2025.pdf\" target=\"_blank\" rel=\"noopener\">Comunica\u00e7\u00e3o do Resultado Licita\u00e7\u00e3o 01\/2025<\/a><\/p>\n<p><a href=\"http:\/\/www.fetagrs.org.br\/wp-content\/uploads\/2025\/01\/Edital-de-Licitacao-02-2025-Modalidade-carta-convite-\u2013-Hospedaria.pdf\" target=\"_blank\" rel=\"noopener\">Edital de Licita\u00e7\u00e3o 02\/2025 &#8211; Modalidade carta convite \u2013 Hospedaria<\/a><br \/>\n<a href=\"http:\/\/www.fetagrs.org.br\/wp-content\/uploads\/2025\/01\/Comunica-vencedor-Edital-02-2025.pdf\" target=\"_blank\" rel=\"noopener\">Comunica\u00e7\u00e3o do Resultado Licita\u00e7\u00e3o 02\/2025<\/a><\/p>\n<p><a href=\"http:\/\/www.fetagrs.org.br\/wp-content\/uploads\/2025\/01\/Edital-de-Licitacao-03-2025-Modalidade-carta-convite-\u2013-Janta.pdf\" target=\"_blank\" rel=\"noopener\">Edital de Licita\u00e7\u00e3o 03\/2025 &#8211; Modalidade carta convite \u2013 Janta<\/a><br \/>\n<a href=\"http:\/\/www.fetagrs.org.br\/wp-content\/uploads\/2025\/01\/Comunica-vencedor-Edital-03-2025.pdf\" target=\"_blank\" rel=\"noopener\">Comunica\u00e7\u00e3o do Resultado Licita\u00e7\u00e3o 03\/2025<\/a><\/p>\n<p><a href=\"http:\/\/www.fetagrs.org.br\/wp-content\/uploads\/2025\/01\/Edital-de-Licitacao-04-2025-Modalidade-carta-convite-\u2013-Lanche.pdf\" target=\"_blank\" rel=\"noopener\">Edital de Licita\u00e7\u00e3o 04\/2025 &#8211; Modalidade carta convite \u2013 Lanche<\/a><br \/>\n<a href=\"http:\/\/www.fetagrs.org.br\/wp-content\/uploads\/2025\/01\/Comunica-vencedor-Edital-04-2025.pdf\" target=\"_blank\" rel=\"noopener\">Comunica\u00e7\u00e3o do Resultado Licita\u00e7\u00e3o 04\/2025<\/a><\/p>\n<p>&nbsp;<\/p>\n<h1><\/h1>\n<h1><strong>Editais 2024<\/strong><\/h1>\n<p><a href=\"https:\/\/fetagrs.org.br\/wp-content\/uploads\/2023\/12\/Edital-01-2024-Hospedagem.pdf\">Edital 01\/2024 &#8211; Hospedagem<\/a><br \/>\n<a href=\"https:\/\/fetagrs.org.br\/wp-content\/uploads\/2024\/01\/Comunicacao-do-Resultado-Licitacao-01-2024.pdf\">Comunica\u00e7\u00e3o do Resultado Licita\u00e7\u00e3o 01\/2024<\/a><\/p>\n<p><a href=\"https:\/\/fetagrs.org.br\/wp-content\/uploads\/2023\/12\/Edital-02-2024-Almoco.pdf\">Edital 02\/2024 &#8211; Almo\u00e7o<\/a><br \/>\n<a href=\"https:\/\/fetagrs.org.br\/wp-content\/uploads\/2024\/01\/Comunicacao-do-Resultado-Licitacao-02-2024.pdf\">Comunica\u00e7\u00e3o do Resultado Licita\u00e7\u00e3o 02\/2024<\/a><\/p>\n<p><a href=\"https:\/\/fetagrs.org.br\/wp-content\/uploads\/2023\/12\/Edital-03-2024-Janta.pdf\">Edital 03\/2024 &#8211; Janta<\/a><br \/>\n<a href=\"https:\/\/fetagrs.org.br\/wp-content\/uploads\/2024\/01\/Comunicacao-do-Resultado-Licitacao-03-2024.pdf\">Comunica\u00e7\u00e3o do Resultado Licita\u00e7\u00e3o 03\/2024<\/a><\/p>\n<p><a href=\"https:\/\/fetagrs.org.br\/wp-content\/uploads\/2023\/12\/Edital-04-2024-Lanche.pdf\">Edital 04\/2024 &#8211; Lanche<\/a><br \/>\n<a href=\"https:\/\/fetagrs.org.br\/wp-content\/uploads\/2024\/01\/Comunicacao-do-Resultado-Licitacao-04-2024.pdf\">Comunica\u00e7\u00e3o do Resultado Licita\u00e7\u00e3o 04\/2024<\/a><\/p>\n<p><a href=\"https:\/\/fetagrs.org.br\/wp-content\/uploads\/2024\/03\/Edital-Assembleia-Junta-Governativa-STR-Gaurama.pdf\">Edital Assembleia Junta Governativa STR Gaurama<\/a><\/p>\n<p><a href=\"https:\/\/fetagrs.org.br\/wp-content\/uploads\/2024\/03\/Edital-Assembleia-Junta-Governativa-STR-Centenario.pdf\">Edital Assembleia Junta Governativa STR Centen\u00e1rio<\/a><\/p>\n<p><a href=\"https:\/\/fetagrs.org.br\/wp-content\/uploads\/2024\/03\/edital-assembleia-junta-governativa-STR-Tavares-15.03.24.pdf\">edital assembleia junta governativa STR Tavares 15.03.24<\/a><\/p>\n","protected":false},"excerpt":{"rendered":"<p>Editais 2026 Edital de Licita\u00e7\u00e3o 01\/2026 &#8211; Modalidade carta convite \u2013 Almo\u00e7o Comunica\u00e7\u00e3o do Resultado Licita\u00e7\u00e3o 01\/2026 Edital de Licita\u00e7\u00e3o 02\/2026 &#8211; Modalidade carta convite \u2013 Hospedaria Comunica\u00e7\u00e3o do Resultado Licita\u00e7\u00e3o 02\/2026 Edital de Licita\u00e7\u00e3o 03\/2026 &#8211; Modalidade carta convite \u2013 Janta Comunica\u00e7\u00e3o do Resultado Licita\u00e7\u00e3o 03\/2026 Edital de Licita\u00e7\u00e3o 04\/2026 &#8211; Modalidade carta convite&#8230;  <a class=\"excerpt-read-more\" href=\"https:\/\/www.fetagrs.org.br\/?page_id=51279\" title=\"Read Editais e licita\u00e7\u00f5es\">Leia mais &raquo;<\/a><\/p>\n","protected":false},"author":4,"featured_media":0,"parent":0,"menu_order":0,"comment_status":"closed","ping_status":"closed","template":"","meta":{"footnotes":"","_links_to":"","_links_to_target":""},"class_list":["post-51279","page","type-page","status-publish","hentry"],"yoast_head":"<!-- This site is optimized with the Yoast SEO plugin v26.8 - https:\/\/yoast.com\/product\/yoast-seo-wordpress\/ -->\n<title>Editais e licita\u00e7\u00f5es - FETAG-RS<\/title>\n<meta name=\"robots\" content=\"index, follow, max-snippet:-1, max-image-preview:large, max-video-preview:-1\" \/>\n<link rel=\"canonical\" href=\"https:\/\/www.fetagrs.org.br\/?page_id=51279\" \/>\n<meta property=\"og:locale\" content=\"pt_BR\" \/>\n<meta property=\"og:type\" content=\"article\" \/>\n<meta property=\"og:title\" content=\"Editais e licita\u00e7\u00f5es - FETAG-RS\" \/>\n<meta property=\"og:description\" content=\"Editais 2026 Edital de Licita\u00e7\u00e3o 01\/2026 &#8211; Modalidade carta convite \u2013 Almo\u00e7o Comunica\u00e7\u00e3o do Resultado Licita\u00e7\u00e3o 01\/2026 Edital de Licita\u00e7\u00e3o 02\/2026 &#8211; Modalidade carta convite \u2013 Hospedaria Comunica\u00e7\u00e3o do Resultado Licita\u00e7\u00e3o 02\/2026 Edital de Licita\u00e7\u00e3o 03\/2026 &#8211; Modalidade carta convite \u2013 Janta Comunica\u00e7\u00e3o do Resultado Licita\u00e7\u00e3o 03\/2026 Edital de Licita\u00e7\u00e3o 04\/2026 &#8211; Modalidade carta convite... Leia mais &raquo;\" \/>\n<meta property=\"og:url\" content=\"https:\/\/www.fetagrs.org.br\/?page_id=51279\" \/>\n<meta property=\"og:site_name\" content=\"FETAG-RS\" \/>\n<meta property=\"article:publisher\" content=\"https:\/\/www.facebook.com\/fetagrs\" \/>\n<meta property=\"article:modified_time\" content=\"2026-01-28T17:24:42+00:00\" \/>\n<meta name=\"twitter:card\" content=\"summary_large_image\" \/>\n<script type=\"application\/ld+json\" class=\"yoast-schema-graph\">{\"@context\":\"https:\/\/schema.org\",\"@graph\":[{\"@type\":\"WebPage\",\"@id\":\"https:\/\/www.fetagrs.org.br\/?page_id=51279\",\"url\":\"https:\/\/www.fetagrs.org.br\/?page_id=51279\",\"name\":\"Editais e licita\u00e7\u00f5es - FETAG-RS\",\"isPartOf\":{\"@id\":\"https:\/\/www.fetagrs.org.br\/#website\"},\"datePublished\":\"2024-01-11T16:03:43+00:00\",\"dateModified\":\"2026-01-28T17:24:42+00:00\",\"breadcrumb\":{\"@id\":\"https:\/\/www.fetagrs.org.br\/?page_id=51279#breadcrumb\"},\"inLanguage\":\"pt-BR\",\"potentialAction\":[{\"@type\":\"ReadAction\",\"target\":[\"https:\/\/www.fetagrs.org.br\/?page_id=51279\"]}]},{\"@type\":\"BreadcrumbList\",\"@id\":\"https:\/\/www.fetagrs.org.br\/?page_id=51279#breadcrumb\",\"itemListElement\":[{\"@type\":\"ListItem\",\"position\":1,\"name\":\"In\u00edcio\",\"item\":\"https:\/\/www.fetagrs.org.br\/\"},{\"@type\":\"ListItem\",\"position\":2,\"name\":\"Editais e licita\u00e7\u00f5es\"}]},{\"@type\":\"WebSite\",\"@id\":\"https:\/\/www.fetagrs.org.br\/#website\",\"url\":\"https:\/\/www.fetagrs.org.br\/\",\"name\":\"FETAG-RS\",\"description\":\"Federa\u00e7\u00e3o dos Trabalhadores na Agricultura no RS\",\"publisher\":{\"@id\":\"https:\/\/www.fetagrs.org.br\/#organization\"},\"potentialAction\":[{\"@type\":\"SearchAction\",\"target\":{\"@type\":\"EntryPoint\",\"urlTemplate\":\"https:\/\/www.fetagrs.org.br\/?s={search_term_string}\"},\"query-input\":{\"@type\":\"PropertyValueSpecification\",\"valueRequired\":true,\"valueName\":\"search_term_string\"}}],\"inLanguage\":\"pt-BR\"},{\"@type\":\"Organization\",\"@id\":\"https:\/\/www.fetagrs.org.br\/#organization\",\"name\":\"Federa\u00e7\u00e3o dos Trabalhadores na Agricultura no Rio Grande do Sul\",\"url\":\"https:\/\/www.fetagrs.org.br\/\",\"logo\":{\"@type\":\"ImageObject\",\"inLanguage\":\"pt-BR\",\"@id\":\"https:\/\/www.fetagrs.org.br\/#\/schema\/logo\/image\/\",\"url\":\"http:\/\/fetagrs.org.br\/wp-content\/uploads\/2020\/12\/FETAG-RS.jpg\",\"contentUrl\":\"http:\/\/fetagrs.org.br\/wp-content\/uploads\/2020\/12\/FETAG-RS.jpg\",\"width\":561,\"height\":598,\"caption\":\"Federa\u00e7\u00e3o dos Trabalhadores na Agricultura no Rio Grande do Sul\"},\"image\":{\"@id\":\"https:\/\/www.fetagrs.org.br\/#\/schema\/logo\/image\/\"},\"sameAs\":[\"https:\/\/www.facebook.com\/fetagrs\",\"https:\/\/www.instagram.com\/fetagrs\/\",\"https:\/\/www.youtube.com\/c\/TVFETAGRS\/featured\"]}]}<\/script>\n<!-- \/ Yoast SEO plugin. -->","yoast_head_json":{"title":"Editais e licita\u00e7\u00f5es - FETAG-RS","robots":{"index":"index","follow":"follow","max-snippet":"max-snippet:-1","max-image-preview":"max-image-preview:large","max-video-preview":"max-video-preview:-1"},"canonical":"https:\/\/www.fetagrs.org.br\/?page_id=51279","og_locale":"pt_BR","og_type":"article","og_title":"Editais e licita\u00e7\u00f5es - FETAG-RS","og_description":"Editais 2026 Edital de Licita\u00e7\u00e3o 01\/2026 &#8211; Modalidade carta convite \u2013 Almo\u00e7o Comunica\u00e7\u00e3o do Resultado Licita\u00e7\u00e3o 01\/2026 Edital de Licita\u00e7\u00e3o 02\/2026 &#8211; Modalidade carta convite \u2013 Hospedaria Comunica\u00e7\u00e3o do Resultado Licita\u00e7\u00e3o 02\/2026 Edital de Licita\u00e7\u00e3o 03\/2026 &#8211; Modalidade carta convite \u2013 Janta Comunica\u00e7\u00e3o do Resultado Licita\u00e7\u00e3o 03\/2026 Edital de Licita\u00e7\u00e3o 04\/2026 &#8211; Modalidade carta convite... Leia mais &raquo;","og_url":"https:\/\/www.fetagrs.org.br\/?page_id=51279","og_site_name":"FETAG-RS","article_publisher":"https:\/\/www.facebook.com\/fetagrs","article_modified_time":"2026-01-28T17:24:42+00:00","twitter_card":"summary_large_image","schema":{"@context":"https:\/\/schema.org","@graph":[{"@type":"WebPage","@id":"https:\/\/www.fetagrs.org.br\/?page_id=51279","url":"https:\/\/www.fetagrs.org.br\/?page_id=51279","name":"Editais e licita\u00e7\u00f5es - FETAG-RS","isPartOf":{"@id":"https:\/\/www.fetagrs.org.br\/#website"},"datePublished":"2024-01-11T16:03:43+00:00","dateModified":"2026-01-28T17:24:42+00:00","breadcrumb":{"@id":"https:\/\/www.fetagrs.org.br\/?page_id=51279#breadcrumb"},"inLanguage":"pt-BR","potentialAction":[{"@type":"ReadAction","target":["https:\/\/www.fetagrs.org.br\/?page_id=51279"]}]},{"@type":"BreadcrumbList","@id":"https:\/\/www.fetagrs.org.br\/?page_id=51279#breadcrumb","itemListElement":[{"@type":"ListItem","position":1,"name":"In\u00edcio","item":"https:\/\/www.fetagrs.org.br\/"},{"@type":"ListItem","position":2,"name":"Editais e licita\u00e7\u00f5es"}]},{"@type":"WebSite","@id":"https:\/\/www.fetagrs.org.br\/#website","url":"https:\/\/www.fetagrs.org.br\/","name":"FETAG-RS","description":"Federa\u00e7\u00e3o dos Trabalhadores na Agricultura no RS","publisher":{"@id":"https:\/\/www.fetagrs.org.br\/#organization"},"potentialAction":[{"@type":"SearchAction","target":{"@type":"EntryPoint","urlTemplate":"https:\/\/www.fetagrs.org.br\/?s={search_term_string}"},"query-input":{"@type":"PropertyValueSpecification","valueRequired":true,"valueName":"search_term_string"}}],"inLanguage":"pt-BR"},{"@type":"Organization","@id":"https:\/\/www.fetagrs.org.br\/#organization","name":"Federa\u00e7\u00e3o dos Trabalhadores na Agricultura no Rio Grande do Sul","url":"https:\/\/www.fetagrs.org.br\/","logo":{"@type":"ImageObject","inLanguage":"pt-BR","@id":"https:\/\/www.fetagrs.org.br\/#\/schema\/logo\/image\/","url":"http:\/\/fetagrs.org.br\/wp-content\/uploads\/2020\/12\/FETAG-RS.jpg","contentUrl":"http:\/\/fetagrs.org.br\/wp-content\/uploads\/2020\/12\/FETAG-RS.jpg","width":561,"height":598,"caption":"Federa\u00e7\u00e3o dos Trabalhadores na Agricultura no Rio Grande do Sul"},"image":{"@id":"https:\/\/www.fetagrs.org.br\/#\/schema\/logo\/image\/"},"sameAs":["https:\/\/www.facebook.com\/fetagrs","https:\/\/www.instagram.com\/fetagrs\/","https:\/\/www.youtube.com\/c\/TVFETAGRS\/featured"]}]}},"_links":{"self":[{"href":"https:\/\/www.fetagrs.org.br\/index.php?rest_route=\/wp\/v2\/pages\/51279","targetHints":{"allow":["GET"]}}],"collection":[{"href":"https:\/\/www.fetagrs.org.br\/index.php?rest_route=\/wp\/v2\/pages"}],"about":[{"href":"https:\/\/www.fetagrs.org.br\/index.php?rest_route=\/wp\/v2\/types\/page"}],"author":[{"embeddable":true,"href":"https:\/\/www.fetagrs.org.br\/index.php?rest_route=\/wp\/v2\/users\/4"}],"replies":[{"embeddable":true,"href":"https:\/\/www.fetagrs.org.br\/index.php?rest_route=%2Fwp%2Fv2%2Fcomments&post=51279"}],"version-history":[{"count":36,"href":"https:\/\/www.fetagrs.org.br\/index.php?rest_route=\/wp\/v2\/pages\/51279\/revisions"}],"predecessor-version":[{"id":53635,"href":"https:\/\/www.fetagrs.org.br\/index.php?rest_route=\/wp\/v2\/pages\/51279\/revisions\/53635"}],"wp:attachment":[{"href":"https:\/\/www.fetagrs.org.br\/index.php?rest_route=%2Fwp%2Fv2%2Fmedia&parent=51279"}],"curies":[{"name":"wp","href":"https:\/\/api.w.org\/{rel}","templated":true}]}}