{"id":17,"date":"2019-11-18T20:32:59","date_gmt":"2019-11-18T23:32:59","guid":{"rendered":"http:\/\/ondawebhost3.com.br\/fetag\/?page_id=17"},"modified":"2026-03-06T14:07:56","modified_gmt":"2026-03-06T17:07:56","slug":"estrutura","status":"publish","type":"page","link":"https:\/\/www.fetagrs.org.br\/?page_id=17","title":{"rendered":"Estrutura"},"content":{"rendered":"<p style=\"text-align: justify;\">A estrutura do Movimento Sindical de Trabalhadores Rurais tem tr\u00eas inst\u00e2ncias de atua\u00e7\u00e3o: nacional, estadual e municipal.<\/p>\n<p style=\"text-align: justify;\">A inst\u00e2ncia nacional est\u00e1 representada atrav\u00e9s da Confedera\u00e7\u00e3o dos Trabalhadores na Agricultura \u2013 CONTAG, que conta com 27 Federa\u00e7\u00f5es distribu\u00eddas pelos estados brasileiros, as quais somam 4000 Sindicatos de Trabalhadores e Trabalhadoras Rurais, num total de 15 milh\u00f5es de agricultores e assalariados rurais representados no Brasil.<\/p>\n<p style=\"text-align: justify;\">No Rio Grande do Sul, a categoria est\u00e1 representada pela da Federa\u00e7\u00e3o dos Trabalhadores na Agricultura (FETAG-RS). S\u00e3o:<\/p>\n<table style=\"width: 100%; border-collapse: collapse;\" border=\"0\">\n<tbody>\n<tr>\n<td style=\"width: 33.3333%;\" align=\"center\"><img loading=\"lazy\" decoding=\"async\" class=\"wp-image-105 size-full aligncenter\" src=\"http:\/\/ondawebhost3.com.br\/fetag\/wp-content\/uploads\/2019\/11\/Uni\u00e3o-4.png\" alt=\"\" width=\"85\" height=\"85\" \/><\/td>\n<td style=\"width: 33.3333%;\" align=\"center\"><img loading=\"lazy\" decoding=\"async\" class=\" wp-image-104 aligncenter\" src=\"http:\/\/ondawebhost3.com.br\/fetag\/wp-content\/uploads\/2019\/11\/Uni\u00e3o-3.png\" alt=\"\" width=\"63\" height=\"85\" \/><\/td>\n<td style=\"width: 33.3333%;\" align=\"center\"><img loading=\"lazy\" decoding=\"async\" class=\"size-full wp-image-106 aligncenter\" src=\"http:\/\/ondawebhost3.com.br\/fetag\/wp-content\/uploads\/2019\/11\/Uni\u00e3o-12.png\" alt=\"\" width=\"85\" height=\"85\" \/><\/td>\n<\/tr>\n<tr>\n<td style=\"width: 33.3333%;\">\n<p style=\"text-align: center;\"><strong>365.000 <\/strong><br \/>\n<strong>Propriedades de agricultura e pecu\u00e1ria familiar no Estado<\/strong><\/p>\n<\/td>\n<td style=\"width: 33.3333%;\">\n<p style=\"text-align: center;\"><strong>716.695\u00a0<\/strong><br \/>\n<strong>pessoas ocupadas na <\/strong><strong>agricultura e na pecu\u00e1ria familiar no Estado<\/strong><\/p>\n<\/td>\n<td style=\"width: 33.3333%; text-align: center;\"><strong>311<\/strong><br \/>\n<strong>Sindicatos filiados<\/strong><\/td>\n<\/tr>\n<\/tbody>\n<\/table>\n<p style=\"text-align: justify;\">A\u00a0 estrutura de trabalho tamb\u00e9m inclui Comiss\u00f5es Estaduais Tem\u00e1ticas que re\u00fanem representantes regionais para discutir temas espec\u00edficos como fumo, sa\u00fade, g\u00eanero e gera\u00e7\u00e3o, etc. O Estado est\u00e1 divido em 23 Regionais Sindicais que perfazem uma representa\u00e7\u00e3o de todos os sindicatos dos trabalhadores rurais.<\/p>\n<p style=\"text-align: justify;\">Na estrutura municipal, os 497 munic\u00edpios contam com 311 Sindicatos de Trabalhadores Rurais (STR&#8217;s) e\/ou Sindicato dos Trabalhadores Agricultores Familiares (STAF&#8217;s) filiados \u00e0 FETAG-RS que com suas extens\u00f5es de base atuam em cerca de 450 munic\u00edpios.<\/p>\n<table style=\"width: 100%; border-collapse: collapse;\" border=\"0\">\n<tbody>\n<tr>\n<td style=\"width: 50%; vertical-align: top;\">O Panorama atual da entidade apresenta-se da seguinte forma:<\/p>\n<p>? S\u00e3o 311 STR&#8217;s e\/ou STAF&#8217;s filiados.<br \/>\n? S\u00e3o 23 Regionais Sindicais organizadas no Estado.<br \/>\n? Representamos cerca de 716 mil agricultores(as) e pecuaristas familiares.<br \/>\n? A diretoria da Federa\u00e7\u00e3o \u00e9 composta por 26 membros.<\/td>\n<td style=\"width: 50%;\">\u00a0Comiss\u00f5es Estaduais Permanentes:<\/p>\n<p>? Pol\u00edtica Agr\u00edcola: Leite, Integrados, Uva, Hortifrutigranjeiros, Meio Ambiente, Fumo, Erva-mate, Arroz, ATER, Agroind\u00fastria Familiar;<\/p>\n<p>? Mulheres trabalhadoras rurais;<\/p>\n<p>? Jovens trabalhadores(as) rurais;<\/p>\n<p>? Previd\u00eancia social;<\/p>\n<p>? Aposentados rurais;<\/p>\n<p>? Sa\u00fade;<\/p>\n<p>? Comunica\u00e7\u00e3o social;<\/p>\n<p>? Forma\u00e7\u00e3o sindical;<\/p>\n<p>? Gest\u00e3o e finan\u00e7as;<\/p>\n<p>? Pecu\u00e1ria Familiar;<\/p>\n<p>? Politica Agraria;<\/p>\n<p>? Educa\u00e7\u00e3o do Campo;<\/p>\n<p>? Habita\u00e7\u00e3o.<\/td>\n<\/tr>\n<\/tbody>\n<\/table>\n<p style=\"text-align: justify;\">\n","protected":false},"excerpt":{"rendered":"<p>A estrutura do Movimento Sindical de Trabalhadores Rurais tem tr\u00eas inst\u00e2ncias de atua\u00e7\u00e3o: nacional, estadual e municipal. A inst\u00e2ncia nacional est\u00e1 representada atrav\u00e9s da Confedera\u00e7\u00e3o dos Trabalhadores na Agricultura \u2013 CONTAG, que conta com 27 Federa\u00e7\u00f5es distribu\u00eddas pelos estados brasileiros, as quais somam 4000 Sindicatos de Trabalhadores e Trabalhadoras Rurais, num total de 15 milh\u00f5es&#8230;  <a class=\"excerpt-read-more\" href=\"https:\/\/www.fetagrs.org.br\/?page_id=17\" title=\"Read Estrutura\">Leia mais &raquo;<\/a><\/p>\n","protected":false},"author":4,"featured_media":0,"parent":13,"menu_order":10,"comment_status":"closed","ping_status":"closed","template":"page-extrutura.php","meta":{"footnotes":"","_links_to":"","_links_to_target":""},"class_list":["post-17","page","type-page","status-publish","hentry"],"yoast_head":"<!-- This site is optimized with the Yoast SEO plugin v26.8 - https:\/\/yoast.com\/product\/yoast-seo-wordpress\/ -->\n<title>Estrutura - FETAG-RS<\/title>\n<meta name=\"robots\" content=\"index, follow, max-snippet:-1, max-image-preview:large, max-video-preview:-1\" \/>\n<link rel=\"canonical\" href=\"https:\/\/www.fetagrs.org.br\/?page_id=17\" \/>\n<meta property=\"og:locale\" content=\"pt_BR\" \/>\n<meta property=\"og:type\" content=\"article\" \/>\n<meta property=\"og:title\" content=\"Estrutura - FETAG-RS\" \/>\n<meta property=\"og:description\" content=\"A estrutura do Movimento Sindical de Trabalhadores Rurais tem tr\u00eas inst\u00e2ncias de atua\u00e7\u00e3o: nacional, estadual e municipal. A inst\u00e2ncia nacional est\u00e1 representada atrav\u00e9s da Confedera\u00e7\u00e3o dos Trabalhadores na Agricultura \u2013 CONTAG, que conta com 27 Federa\u00e7\u00f5es distribu\u00eddas pelos estados brasileiros, as quais somam 4000 Sindicatos de Trabalhadores e Trabalhadoras Rurais, num total de 15 milh\u00f5es... Leia mais &raquo;\" \/>\n<meta property=\"og:url\" content=\"https:\/\/www.fetagrs.org.br\/?page_id=17\" \/>\n<meta property=\"og:site_name\" content=\"FETAG-RS\" \/>\n<meta property=\"article:publisher\" content=\"https:\/\/www.facebook.com\/fetagrs\" \/>\n<meta property=\"article:modified_time\" content=\"2026-03-06T17:07:56+00:00\" \/>\n<meta name=\"twitter:card\" content=\"summary_large_image\" \/>\n<script type=\"application\/ld+json\" class=\"yoast-schema-graph\">{\"@context\":\"https:\/\/schema.org\",\"@graph\":[{\"@type\":\"WebPage\",\"@id\":\"https:\/\/www.fetagrs.org.br\/?page_id=17\",\"url\":\"https:\/\/www.fetagrs.org.br\/?page_id=17\",\"name\":\"Estrutura - FETAG-RS\",\"isPartOf\":{\"@id\":\"https:\/\/www.fetagrs.org.br\/#website\"},\"datePublished\":\"2019-11-18T23:32:59+00:00\",\"dateModified\":\"2026-03-06T17:07:56+00:00\",\"breadcrumb\":{\"@id\":\"https:\/\/www.fetagrs.org.br\/?page_id=17#breadcrumb\"},\"inLanguage\":\"pt-BR\",\"potentialAction\":[{\"@type\":\"ReadAction\",\"target\":[\"https:\/\/www.fetagrs.org.br\/?page_id=17\"]}]},{\"@type\":\"BreadcrumbList\",\"@id\":\"https:\/\/www.fetagrs.org.br\/?page_id=17#breadcrumb\",\"itemListElement\":[{\"@type\":\"ListItem\",\"position\":1,\"name\":\"In\u00edcio\",\"item\":\"https:\/\/www.fetagrs.org.br\/\"},{\"@type\":\"ListItem\",\"position\":2,\"name\":\"A FETAG-RS\",\"item\":\"https:\/\/www.fetagrs.org.br\/?page_id=13\"},{\"@type\":\"ListItem\",\"position\":3,\"name\":\"Estrutura\"}]},{\"@type\":\"WebSite\",\"@id\":\"https:\/\/www.fetagrs.org.br\/#website\",\"url\":\"https:\/\/www.fetagrs.org.br\/\",\"name\":\"FETAG-RS\",\"description\":\"Federa\u00e7\u00e3o dos Trabalhadores na Agricultura no RS\",\"publisher\":{\"@id\":\"https:\/\/www.fetagrs.org.br\/#organization\"},\"potentialAction\":[{\"@type\":\"SearchAction\",\"target\":{\"@type\":\"EntryPoint\",\"urlTemplate\":\"https:\/\/www.fetagrs.org.br\/?s={search_term_string}\"},\"query-input\":{\"@type\":\"PropertyValueSpecification\",\"valueRequired\":true,\"valueName\":\"search_term_string\"}}],\"inLanguage\":\"pt-BR\"},{\"@type\":\"Organization\",\"@id\":\"https:\/\/www.fetagrs.org.br\/#organization\",\"name\":\"Federa\u00e7\u00e3o dos Trabalhadores na Agricultura no Rio Grande do Sul\",\"url\":\"https:\/\/www.fetagrs.org.br\/\",\"logo\":{\"@type\":\"ImageObject\",\"inLanguage\":\"pt-BR\",\"@id\":\"https:\/\/www.fetagrs.org.br\/#\/schema\/logo\/image\/\",\"url\":\"http:\/\/fetagrs.org.br\/wp-content\/uploads\/2020\/12\/FETAG-RS.jpg\",\"contentUrl\":\"http:\/\/fetagrs.org.br\/wp-content\/uploads\/2020\/12\/FETAG-RS.jpg\",\"width\":561,\"height\":598,\"caption\":\"Federa\u00e7\u00e3o dos Trabalhadores na Agricultura no Rio Grande do Sul\"},\"image\":{\"@id\":\"https:\/\/www.fetagrs.org.br\/#\/schema\/logo\/image\/\"},\"sameAs\":[\"https:\/\/www.facebook.com\/fetagrs\",\"https:\/\/www.instagram.com\/fetagrs\/\",\"https:\/\/www.youtube.com\/c\/TVFETAGRS\/featured\"]}]}<\/script>\n<!-- \/ Yoast SEO plugin. -->","yoast_head_json":{"title":"Estrutura - FETAG-RS","robots":{"index":"index","follow":"follow","max-snippet":"max-snippet:-1","max-image-preview":"max-image-preview:large","max-video-preview":"max-video-preview:-1"},"canonical":"https:\/\/www.fetagrs.org.br\/?page_id=17","og_locale":"pt_BR","og_type":"article","og_title":"Estrutura - FETAG-RS","og_description":"A estrutura do Movimento Sindical de Trabalhadores Rurais tem tr\u00eas inst\u00e2ncias de atua\u00e7\u00e3o: nacional, estadual e municipal. A inst\u00e2ncia nacional est\u00e1 representada atrav\u00e9s da Confedera\u00e7\u00e3o dos Trabalhadores na Agricultura \u2013 CONTAG, que conta com 27 Federa\u00e7\u00f5es distribu\u00eddas pelos estados brasileiros, as quais somam 4000 Sindicatos de Trabalhadores e Trabalhadoras Rurais, num total de 15 milh\u00f5es... Leia mais &raquo;","og_url":"https:\/\/www.fetagrs.org.br\/?page_id=17","og_site_name":"FETAG-RS","article_publisher":"https:\/\/www.facebook.com\/fetagrs","article_modified_time":"2026-03-06T17:07:56+00:00","twitter_card":"summary_large_image","schema":{"@context":"https:\/\/schema.org","@graph":[{"@type":"WebPage","@id":"https:\/\/www.fetagrs.org.br\/?page_id=17","url":"https:\/\/www.fetagrs.org.br\/?page_id=17","name":"Estrutura - FETAG-RS","isPartOf":{"@id":"https:\/\/www.fetagrs.org.br\/#website"},"datePublished":"2019-11-18T23:32:59+00:00","dateModified":"2026-03-06T17:07:56+00:00","breadcrumb":{"@id":"https:\/\/www.fetagrs.org.br\/?page_id=17#breadcrumb"},"inLanguage":"pt-BR","potentialAction":[{"@type":"ReadAction","target":["https:\/\/www.fetagrs.org.br\/?page_id=17"]}]},{"@type":"BreadcrumbList","@id":"https:\/\/www.fetagrs.org.br\/?page_id=17#breadcrumb","itemListElement":[{"@type":"ListItem","position":1,"name":"In\u00edcio","item":"https:\/\/www.fetagrs.org.br\/"},{"@type":"ListItem","position":2,"name":"A FETAG-RS","item":"https:\/\/www.fetagrs.org.br\/?page_id=13"},{"@type":"ListItem","position":3,"name":"Estrutura"}]},{"@type":"WebSite","@id":"https:\/\/www.fetagrs.org.br\/#website","url":"https:\/\/www.fetagrs.org.br\/","name":"FETAG-RS","description":"Federa\u00e7\u00e3o dos Trabalhadores na Agricultura no RS","publisher":{"@id":"https:\/\/www.fetagrs.org.br\/#organization"},"potentialAction":[{"@type":"SearchAction","target":{"@type":"EntryPoint","urlTemplate":"https:\/\/www.fetagrs.org.br\/?s={search_term_string}"},"query-input":{"@type":"PropertyValueSpecification","valueRequired":true,"valueName":"search_term_string"}}],"inLanguage":"pt-BR"},{"@type":"Organization","@id":"https:\/\/www.fetagrs.org.br\/#organization","name":"Federa\u00e7\u00e3o dos Trabalhadores na Agricultura no Rio Grande do Sul","url":"https:\/\/www.fetagrs.org.br\/","logo":{"@type":"ImageObject","inLanguage":"pt-BR","@id":"https:\/\/www.fetagrs.org.br\/#\/schema\/logo\/image\/","url":"http:\/\/fetagrs.org.br\/wp-content\/uploads\/2020\/12\/FETAG-RS.jpg","contentUrl":"http:\/\/fetagrs.org.br\/wp-content\/uploads\/2020\/12\/FETAG-RS.jpg","width":561,"height":598,"caption":"Federa\u00e7\u00e3o dos Trabalhadores na Agricultura no Rio Grande do Sul"},"image":{"@id":"https:\/\/www.fetagrs.org.br\/#\/schema\/logo\/image\/"},"sameAs":["https:\/\/www.facebook.com\/fetagrs","https:\/\/www.instagram.com\/fetagrs\/","https:\/\/www.youtube.com\/c\/TVFETAGRS\/featured"]}]}},"_links":{"self":[{"href":"https:\/\/www.fetagrs.org.br\/index.php?rest_route=\/wp\/v2\/pages\/17","targetHints":{"allow":["GET"]}}],"collection":[{"href":"https:\/\/www.fetagrs.org.br\/index.php?rest_route=\/wp\/v2\/pages"}],"about":[{"href":"https:\/\/www.fetagrs.org.br\/index.php?rest_route=\/wp\/v2\/types\/page"}],"author":[{"embeddable":true,"href":"https:\/\/www.fetagrs.org.br\/index.php?rest_route=\/wp\/v2\/users\/4"}],"replies":[{"embeddable":true,"href":"https:\/\/www.fetagrs.org.br\/index.php?rest_route=%2Fwp%2Fv2%2Fcomments&post=17"}],"version-history":[{"count":33,"href":"https:\/\/www.fetagrs.org.br\/index.php?rest_route=\/wp\/v2\/pages\/17\/revisions"}],"predecessor-version":[{"id":53729,"href":"https:\/\/www.fetagrs.org.br\/index.php?rest_route=\/wp\/v2\/pages\/17\/revisions\/53729"}],"up":[{"embeddable":true,"href":"https:\/\/www.fetagrs.org.br\/index.php?rest_route=\/wp\/v2\/pages\/13"}],"wp:attachment":[{"href":"https:\/\/www.fetagrs.org.br\/index.php?rest_route=%2Fwp%2Fv2%2Fmedia&parent=17"}],"curies":[{"name":"wp","href":"https:\/\/api.w.org\/{rel}","templated":true}]}}